{"id":35,"date":"2025-01-27T08:35:35","date_gmt":"2025-01-27T08:35:35","guid":{"rendered":"https:\/\/deileisterhof.de\/?page_id=35"},"modified":"2025-12-19T10:57:39","modified_gmt":"2025-12-19T10:57:39","slug":"home","status":"publish","type":"page","link":"https:\/\/deileisterhof.de\/","title":{"rendered":"Home"},"content":{"rendered":"\t\t<div data-elementor-type=\"wp-page\" data-elementor-id=\"35\" class=\"elementor elementor-35\">\n\t\t\t\t<div class=\"elementor-element elementor-element-d5cfde3 e-flex e-con-boxed e-con e-parent\" data-id=\"d5cfde3\" data-element_type=\"container\" data-e-type=\"container\" data-settings=\"{&quot;background_background&quot;:&quot;classic&quot;}\">\n\t\t\t\t\t<div class=\"e-con-inner\">\n\t\t\t\t<div class=\"elementor-element elementor-element-3ecd55be animated-slow elementor-invisible elementor-widget elementor-widget-heading\" data-id=\"3ecd55be\" data-element_type=\"widget\" data-e-type=\"widget\" data-settings=\"{&quot;_animation&quot;:&quot;fadeIn&quot;,&quot;_animation_delay&quot;:200}\" data-widget_type=\"heading.default\">\n\t\t\t\t<div class=\"elementor-widget-container\">\n\t\t\t\t\t<h1 class=\"elementor-heading-title elementor-size-default\">Willkommen auf dem Deileisterhof<\/h1>\t\t\t\t<\/div>\n\t\t\t\t<\/div>\n\t\t\t\t\t<\/div>\n\t\t\t\t<\/div>\n\t\t<div class=\"elementor-element elementor-element-76b52626 e-flex e-con-boxed e-con e-parent\" data-id=\"76b52626\" data-element_type=\"container\" data-e-type=\"container\">\n\t\t\t\t\t<div class=\"e-con-inner\">\n\t\t\t\t<div class=\"elementor-element elementor-element-30e5297 elementor-widget elementor-widget-heading\" data-id=\"30e5297\" data-element_type=\"widget\" data-e-type=\"widget\" data-widget_type=\"heading.default\">\n\t\t\t\t<div class=\"elementor-widget-container\">\n\t\t\t\t\t<h2 class=\"elementor-heading-title elementor-size-default\">Wir bieten:<\/h2>\t\t\t\t<\/div>\n\t\t\t\t<\/div>\n\t\t<div class=\"elementor-element elementor-element-b2d7dbe e-con-full e-flex e-con e-child\" data-id=\"b2d7dbe\" data-element_type=\"container\" data-e-type=\"container\">\n\t\t\t\t<div class=\"elementor-element elementor-element-43ed2439 elementor-widget-tablet__width-initial elementor-widget-mobile__width-inherit elementor-widget__width-initial elementor-position-top elementor-widget elementor-widget-image-box\" data-id=\"43ed2439\" data-element_type=\"widget\" data-e-type=\"widget\" data-widget_type=\"image-box.default\">\n\t\t\t\t<div class=\"elementor-widget-container\">\n\t\t\t\t\t<div class=\"elementor-image-box-wrapper\"><figure class=\"elementor-image-box-img\"><img fetchpriority=\"high\" decoding=\"async\" width=\"1920\" height=\"1306\" src=\"https:\/\/deileisterhof.de\/wp-content\/uploads\/2025\/01\/horses-3635517_1920-e1737970696348.jpg\" class=\"elementor-animation-grow attachment-full size-full wp-image-60\" alt=\"\" srcset=\"https:\/\/deileisterhof.de\/wp-content\/uploads\/2025\/01\/horses-3635517_1920-e1737970696348.jpg 1920w, https:\/\/deileisterhof.de\/wp-content\/uploads\/2025\/01\/horses-3635517_1920-e1737970696348-300x204.jpg 300w, https:\/\/deileisterhof.de\/wp-content\/uploads\/2025\/01\/horses-3635517_1920-e1737970696348-1024x697.jpg 1024w, https:\/\/deileisterhof.de\/wp-content\/uploads\/2025\/01\/horses-3635517_1920-e1737970696348-768x522.jpg 768w, https:\/\/deileisterhof.de\/wp-content\/uploads\/2025\/01\/horses-3635517_1920-e1737970696348-1536x1045.jpg 1536w\" sizes=\"(max-width: 1920px) 100vw, 1920px\" \/><\/figure><div class=\"elementor-image-box-content\"><h4 class=\"elementor-image-box-title\">Heilp\u00e4dagogisches Reiten<\/h4><p class=\"elementor-image-box-description\">Heilp\u00e4dagogisches Reiten f\u00f6rdert k\u00f6rperliche, emotionale und soziale Entwicklung durch den Umgang mit Pferden.<\/p><\/div><\/div>\t\t\t\t<\/div>\n\t\t\t\t<\/div>\n\t\t\t\t<div class=\"elementor-element elementor-element-3afe9b04 elementor-widget-tablet__width-initial elementor-widget-mobile__width-inherit elementor-widget__width-initial elementor-position-top elementor-widget elementor-widget-image-box\" data-id=\"3afe9b04\" data-element_type=\"widget\" data-e-type=\"widget\" data-widget_type=\"image-box.default\">\n\t\t\t\t<div class=\"elementor-widget-container\">\n\t\t\t\t\t<div class=\"elementor-image-box-wrapper\"><figure class=\"elementor-image-box-img\"><img decoding=\"async\" width=\"1920\" height=\"1306\" src=\"https:\/\/deileisterhof.de\/wp-content\/uploads\/2025\/01\/horse-2196656_1920.jpg\" class=\"elementor-animation-grow attachment-full size-full wp-image-61\" alt=\"\" srcset=\"https:\/\/deileisterhof.de\/wp-content\/uploads\/2025\/01\/horse-2196656_1920.jpg 1920w, https:\/\/deileisterhof.de\/wp-content\/uploads\/2025\/01\/horse-2196656_1920-300x204.jpg 300w, https:\/\/deileisterhof.de\/wp-content\/uploads\/2025\/01\/horse-2196656_1920-1024x697.jpg 1024w, https:\/\/deileisterhof.de\/wp-content\/uploads\/2025\/01\/horse-2196656_1920-768x522.jpg 768w, https:\/\/deileisterhof.de\/wp-content\/uploads\/2025\/01\/horse-2196656_1920-1536x1045.jpg 1536w\" sizes=\"(max-width: 1920px) 100vw, 1920px\" \/><\/figure><div class=\"elementor-image-box-content\"><h4 class=\"elementor-image-box-title\">Pferdepension<\/h4><p class=\"elementor-image-box-description\">In unserer Pferdepension erfahren die Tiere erstklassige Betreuung, gro\u00dfz\u00fcgige Stallungen und eine ruhige, sichere Umgebung.<\/p><\/div><\/div>\t\t\t\t<\/div>\n\t\t\t\t<\/div>\n\t\t\t\t<\/div>\n\t\t\t\t\t<\/div>\n\t\t\t\t<\/div>\n\t\t<div class=\"elementor-element elementor-element-37aec9b e-flex e-con-boxed e-con e-parent\" data-id=\"37aec9b\" data-element_type=\"container\" data-e-type=\"container\">\n\t\t\t\t\t<div class=\"e-con-inner\">\n\t\t<div class=\"elementor-element elementor-element-4383960 e-con-full e-flex e-con e-child\" data-id=\"4383960\" data-element_type=\"container\" data-e-type=\"container\" data-settings=\"{&quot;background_background&quot;:&quot;classic&quot;}\">\n\t\t\t\t<div class=\"elementor-element elementor-element-af742c5 elementor-widget elementor-widget-heading\" data-id=\"af742c5\" data-element_type=\"widget\" data-e-type=\"widget\" data-widget_type=\"heading.default\">\n\t\t\t\t<div class=\"elementor-widget-container\">\n\t\t\t\t\t<h2 class=\"elementor-heading-title elementor-size-default\">Hier finden Sie uns:<\/h2>\t\t\t\t<\/div>\n\t\t\t\t<\/div>\n\t\t\t\t<\/div>\n\t\t\t\t<div class=\"elementor-element elementor-element-f87c62d elementor-widget elementor-widget-google_maps\" data-id=\"f87c62d\" data-element_type=\"widget\" data-e-type=\"widget\" data-widget_type=\"google_maps.default\">\n\t\t\t\t<div class=\"elementor-widget-container\">\n\t\t\t\t\t\t\t<div class=\"elementor-custom-embed\">\n\t\t\t<iframe loading=\"lazy\"\n\t\t\t\t\tsrc=\"https:\/\/maps.google.com\/maps?q=Deileisterhof%201%2C%2066482%20Zweibr%C3%BCcken&#038;t=m&#038;z=11&#038;output=embed&#038;iwloc=near\"\n\t\t\t\t\ttitle=\"Deileisterhof 1, 66482 Zweibr\u00fccken\"\n\t\t\t\t\taria-label=\"Deileisterhof 1, 66482 Zweibr\u00fccken\"\n\t\t\t><\/iframe>\n\t\t<\/div>\n\t\t\t\t\t\t<\/div>\n\t\t\t\t<\/div>\n\t\t\t\t\t<\/div>\n\t\t\t\t<\/div>\n\t\t\t\t<\/div>\n\t\t","protected":false},"excerpt":{"rendered":"<p>Willkommen auf dem Deileisterhof Wir bieten: Heilp\u00e4dagogisches Reiten Heilp\u00e4dagogisches Reiten f\u00f6rdert k\u00f6rperliche, emotionale und soziale Entwicklung durch den Umgang mit Pferden. Pferdepension In unserer Pferdepension erfahren die Tiere erstklassige Betreuung, gro\u00dfz\u00fcgige Stallungen und eine ruhige, sichere Umgebung. Hier finden Sie uns:<\/p>\n","protected":false},"author":1,"featured_media":0,"parent":0,"menu_order":0,"comment_status":"closed","ping_status":"closed","template":"elementor_header_footer","meta":{"footnotes":""},"class_list":["post-35","page","type-page","status-publish","hentry"],"_links":{"self":[{"href":"https:\/\/deileisterhof.de\/index.php?rest_route=\/wp\/v2\/pages\/35","targetHints":{"allow":["GET"]}}],"collection":[{"href":"https:\/\/deileisterhof.de\/index.php?rest_route=\/wp\/v2\/pages"}],"about":[{"href":"https:\/\/deileisterhof.de\/index.php?rest_route=\/wp\/v2\/types\/page"}],"author":[{"embeddable":true,"href":"https:\/\/deileisterhof.de\/index.php?rest_route=\/wp\/v2\/users\/1"}],"replies":[{"embeddable":true,"href":"https:\/\/deileisterhof.de\/index.php?rest_route=%2Fwp%2Fv2%2Fcomments&post=35"}],"version-history":[{"count":28,"href":"https:\/\/deileisterhof.de\/index.php?rest_route=\/wp\/v2\/pages\/35\/revisions"}],"predecessor-version":[{"id":158,"href":"https:\/\/deileisterhof.de\/index.php?rest_route=\/wp\/v2\/pages\/35\/revisions\/158"}],"wp:attachment":[{"href":"https:\/\/deileisterhof.de\/index.php?rest_route=%2Fwp%2Fv2%2Fmedia&parent=35"}],"curies":[{"name":"wp","href":"https:\/\/api.w.org\/{rel}","templated":true}]}}